{"id":12,"date":"2019-04-11T18:54:21","date_gmt":"2019-04-11T18:54:21","guid":{"rendered":"http:\/\/77.240.19.22\/~martsarikilingi\/kilingi\/?page_id=12"},"modified":"2019-09-18T21:07:02","modified_gmt":"2019-09-18T18:07:02","slug":"tapahtumat","status":"publish","type":"page","link":"https:\/\/martsari-kilingi.fi\/kilingi\/tapahtumat\/","title":{"rendered":"Tapahtumat"},"content":{"rendered":"<h3 class=\"PwMt2d\">2019<\/h3>\n<p><span class=\"Apple-converted-space\">\u00a0<\/span><b>Hyv\u00e4tekev\u00e4isyyskonsertti \u201dToisiamme Siunaten\u201d H\u00e4meenkyl\u00e4n kirkossa 27.10.2019 klo 18<span class=\"Apple-converted-space\">\u00a0<\/span><\/b><\/p>\n<p>Konsertin taiteilijat tulevat kansainv\u00e4lisen musiikkimaailman huipulta.<span class=\"Apple-converted-space\">\u00a0<\/span><\/p>\n<p><b><i>Tommi Hakala<span class=\"Apple-converted-space\">\u00a0<\/span><\/i><\/b><\/p>\n<p>Oopperalaulaja, baritoni Tommi Hakala voitti vuonna 2003 toisena suomalaisena yhden arvostetuimmista kansainv\u00e4lisist\u00e4 laulukilpailuista BBC Singer of the World -kilpailun Cardiffissa. H\u00e4n on my\u00f6s yksi harvoista New Yorkin Metropolitan-oopperan suomalaisista solisteista ja tekee parhaillaan laajaa uraa sek\u00e4 ooppera- ett\u00e4 konserttilaulajana ymp\u00e4ri maailmaa. H\u00e4n asuu Wieniss\u00e4, mutta vierailee t\u00e4ll\u00e4 hetkell\u00e4 Suomen Kansallisoopperassa ja n\u00e4in suostui mielell\u00e4\u00e4n esiintym\u00e4\u00e4n konsertissamme.<span class=\"Apple-converted-space\">\u00a0<\/span><\/p>\n<p><b><i>Laura M\u00e4kitalo<span class=\"Apple-converted-space\">\u00a0<\/span><\/i><\/b><\/p>\n<p>Mezzospraano Laura M\u00e4kitalo on nuoremman polven laulutaiteilija, joka tekee laajenevaa uraa sek\u00e4 ooppera- ett\u00e4 konserttilaulajana. H\u00e4n on ollut mukana useissa kotimaisissa oopperaproduktioissa, my\u00f6s Savonlinnan Oopperajuhlilla sek\u00e4 Suomen Kansallisoopperassa. Klassisen laulumusiikkikirjallisuuden lis\u00e4ksi h\u00e4n on ansioitunut nykys\u00e4velt\u00e4jien musiikin esitt\u00e4j\u00e4n\u00e4<span class=\"Apple-converted-space\">\u00a0<\/span><\/p>\n<p><b><i>Marita Viitasalo <\/i><\/b>Pianotaiteilija Marita Viitasalo on esiintynyt soolopianistina sek\u00e4 toiminut mm. Soile Isokosken s\u00e4est\u00e4j\u00e4n\u00e4 kaikissa merkitt\u00e4vimmiss\u00e4 musiikkikeskuksissa ymp\u00e4ri maailmaa. My\u00f6s perustamansa Trio Finlandian j\u00e4senen\u00e4 h\u00e4n on kiert\u00e4nyt konsertoimassa Euroopassa, Aasiassa ja Amerikassa. H\u00e4n on tehnyt my\u00f6s mittavan uran pianonsoiton opettajana sek\u00e4 toiminut mm. Espoon pianoviikon taiteellisena johtajana. Vastik\u00e4\u00e4n h\u00e4n konsertoi yhdess\u00e4 Tommi Hakalan kanssa, ja t\u00e4m\u00e4 yhteisty\u00f6 jatkuu nyt t\u00e4ss\u00e4 konsertissa.<span class=\"Apple-converted-space\">\u00a0<\/span><\/p>\n<p><b><i>Esa Ruuttunen <\/i><\/b>Esa Ruuttunen oli kiinnitettyn\u00e4 Suomen Kansallisoopperan solistina n. 20, j\u00e4\u00e4den el\u00e4kkeelle 2005. H\u00e4n on my\u00f6s tehnyt laajan kansainv\u00e4lisen uran ooppera- ja konserttilaulajana sek\u00e4 esiintyy edelleen konsertoiden ymp\u00e4ri Suomea erityisesti kirkko- ja muun hengellisen musiikin ohjelmistolla. H\u00e4n on my\u00f6s Tommi Hakalan ensimm\u00e4isi\u00e4 merkitt\u00e4vimpi\u00e4 laulunopettajia.<span class=\"Apple-converted-space\">\u00a0<\/span><\/p>\n<p><b><i>Matti Pelo <\/i><\/b>Matti Pelo on ensimm\u00e4iselt\u00e4 koulutukseltaan kirkkomuusikko, mutta on tehnyt merkitt\u00e4vimm\u00e4n el\u00e4m\u00e4nty\u00f6ns\u00e4 laulunopettajana mm. Helsingin Konservatoriossa, Sibelius-Akatemiassa sek\u00e4 professorina Tallinnan musiikkikorkeakoulussa. H\u00e4n on mm. Karita Mattilan ja my\u00f6s Esa Ruuttusen ensimm\u00e4inen laulunopettaja.<span class=\"Apple-converted-space\">\u00a0<\/span><\/p>\n<p><b><i>Sonus <\/i><\/b>Laulu- ja k\u00e4sikelloyhtye Sonuksen taival alkoi vuonna 1990, kun kanttori Sinikka Honkanen tutustui instrumenttiin opintomatkallaan Yhdysvalloissa. Vantaan seurakuntayhtym\u00e4n alun perin tilaamat Schulmerich Carillons-kellovalimon kolme k\u00e4sikello-oktaavia ovat vuosien kuluessa kasvaneet viiteen kello-oktaaviin ja nelj\u00e4\u00e4n ja puoleen putkik\u00e4sikello-oktaaviin (handchimes), joilla Sonus on eri kokoonpanoissa konsertoinut niin kotona Suomessa kuin ulkomaillakin. Yhtyett\u00e4 on johtanut vuodesta 2011 l\u00e4htien Laulu- ja k\u00e4sikelloyhtye Sonuksen perustajaj\u00e4sen Sanna Helaster\u00e4.<span class=\"Apple-converted-space\">\u00a0<\/span><\/p>\n<p><i>L\u00e4mmin kiitos hyv\u00e4ntekev\u00e4syyskonsertin esiintyjille ja yleis\u00f6lle!<span class=\"Apple-converted-space\">\u00a0<\/span><\/i><\/p>\n<p><i>Martsarin kummikouluyhdistys ry<span class=\"Apple-converted-space\">\u00a0<\/span><\/i><\/p>\n<h3 class=\"PwMt2d\"><img loading=\"lazy\" decoding=\"async\" class=\"alignnone wp-image-13 size-medium\" src=\"http:\/\/martsari-kilingi.fi\/kilingi\/wp-content\/uploads\/terveiset-263x300.png\" alt=\"\" width=\"263\" height=\"300\" srcset=\"https:\/\/martsari-kilingi.fi\/kilingi\/wp-content\/uploads\/terveiset-263x300.png 263w, https:\/\/martsari-kilingi.fi\/kilingi\/wp-content\/uploads\/terveiset.png 371w\" sizes=\"auto, (max-width: 263px) 100vw, 263px\" \/><\/h3>\n<p>Terveisi\u00e4 Tansaniasta-kirjaa voi tilata puheenjohtajalta.<\/p>\n<p>tidenbergheikki@gmail.com<\/p>\n<h3 class=\"PwMt2d\">2018<\/h3>\n<p id=\"h.p_2KahSywXFyPo\" class=\"zfr3Q\">Kilimanjaro-juhla oli suuri menestys. Kiitos siit\u00e4 viel\u00e4 kerran Anja Toloselle ja kaikille aktiiveille.<\/p>\n<p id=\"h.p_bw1EQXTnHlJX\" class=\"zfr3Q\">Leirikoulu vieraili Tansaniassa lokakuussa. Oppilaat olivat tyytyv\u00e4isi\u00e4 matkaan.<\/p>\n<p id=\"h.p_OD6Kf3bZHvWJ\" class=\"zfr3Q\">Liisa Piironen julkaisi yhdistykselle kirjan &#8221;Terveisi\u00e4 Tansaniasta&#8221;.<\/p>\n<p id=\"h.p_MdghMiO6GQ96\" class=\"zfr3Q\">Kilingin koulujen oppimistulokset ovat olleet huomattavasti paremmat kuin vuosi sitten. Toivotaan, ett\u00e4 osteluilla koulukirjoilla on ollut t\u00e4h\u00e4n merkityst\u00e4. Tulemme hankkimaan viel\u00e4 t\u00e4m\u00e4n vuoden aikana oppikirjoja nelj\u00e4nsille ja viidensille luokille. Eritoten englannin ja matematiikan kirjat ovat t\u00e4rkeit\u00e4.<\/p>\n<p id=\"h.p_utbYHlIsHGoh\" class=\"zfr3Q\">\n","protected":false},"excerpt":{"rendered":"<p>2019 \u00a0Hyv\u00e4tekev\u00e4isyyskonsertti \u201dToisiamme Siunaten\u201d H\u00e4meenkyl\u00e4n kirkossa 27.10.2019 klo 18\u00a0 Konsertin taiteilijat tulevat kansainv\u00e4lisen musiikkimaailman huipulta.\u00a0 Tommi Hakala\u00a0 Oopperalaulaja, baritoni Tommi Hakala voitti vuonna 2003 toisena suomalaisena yhden arvostetuimmista kansainv\u00e4lisist\u00e4 laulukilpailuista BBC Singer of the World -kilpailun Cardiffissa. H\u00e4n on my\u00f6s<\/p>\n","protected":false},"author":1,"featured_media":0,"parent":0,"menu_order":0,"comment_status":"closed","ping_status":"closed","template":"","meta":{"footnotes":""},"class_list":["post-12","page","type-page","status-publish","hentry"],"_links":{"self":[{"href":"https:\/\/martsari-kilingi.fi\/kilingi\/wp-json\/wp\/v2\/pages\/12","targetHints":{"allow":["GET"]}}],"collection":[{"href":"https:\/\/martsari-kilingi.fi\/kilingi\/wp-json\/wp\/v2\/pages"}],"about":[{"href":"https:\/\/martsari-kilingi.fi\/kilingi\/wp-json\/wp\/v2\/types\/page"}],"author":[{"embeddable":true,"href":"https:\/\/martsari-kilingi.fi\/kilingi\/wp-json\/wp\/v2\/users\/1"}],"replies":[{"embeddable":true,"href":"https:\/\/martsari-kilingi.fi\/kilingi\/wp-json\/wp\/v2\/comments?post=12"}],"version-history":[{"count":5,"href":"https:\/\/martsari-kilingi.fi\/kilingi\/wp-json\/wp\/v2\/pages\/12\/revisions"}],"predecessor-version":[{"id":57,"href":"https:\/\/martsari-kilingi.fi\/kilingi\/wp-json\/wp\/v2\/pages\/12\/revisions\/57"}],"wp:attachment":[{"href":"https:\/\/martsari-kilingi.fi\/kilingi\/wp-json\/wp\/v2\/media?parent=12"}],"curies":[{"name":"wp","href":"https:\/\/api.w.org\/{rel}","templated":true}]}}