{"id":148,"date":"2021-12-01T21:51:30","date_gmt":"2021-12-01T18:51:30","guid":{"rendered":"https:\/\/martsari-kilingi.fi\/kilingi\/?page_id=148"},"modified":"2025-09-05T23:05:14","modified_gmt":"2025-09-05T20:05:14","slug":"kummimaksut","status":"publish","type":"page","link":"https:\/\/martsari-kilingi.fi\/kilingi\/kuinka-saan-kummilapsen\/kummimaksut\/","title":{"rendered":"Kummimaksut 2025"},"content":{"rendered":"<p><b>KUMMIMAKSUT (alakoulu, yl\u00e4koulu) 2025<\/b><\/p>\n<p><span style=\"font-weight: 400;\">Halutessasi voit maksaa kummimaksun jo kev\u00e4\u00e4ll\u00e4 j\u00e4senmaksun yhteydess\u00e4, mutta muuten\u00a0<\/span><b>viimeist\u00e4\u00e4n 15.10 menness\u00e4. <\/b><span style=\"font-weight: 400;\">\u00a0Se, ett\u00e4 ker\u00e4\u00e4mme maksut n\u00e4in aikaisin, johtuu siit\u00e4, ett\u00e4 kodit tarvitsevat tiedon tuen jatkumisesta, ja toisaalta Kilingiss\u00e4 tarvitaan aikaa tuen ohjaamiseen kouluille\/ kodeille.<\/span><\/p>\n<p><span style=\"font-weight: 400;\">Nivelvaiheessa (alakoulusta yl\u00e4kouluun, yl\u00e4koulusta eteenp\u00e4in) olevien lasten kummeja informoimme erikseen seuraavasta lukuvuodesta<\/span><\/p>\n<table class='jasenyystaulukko'>\n<tr>\n<td><b>Alakoululaisen kummimaksu v 2025<\/b><\/td>\n<td><b>45 euroa<\/b><\/td>\n<\/tr>\n<tr>\n<td><b>Yl\u00e4koululaisen kummimaksu v 2025<\/b><\/td>\n<td><b>85 euroa<\/b> (tai kahdessa er\u00e4ss\u00e4 45e + 40e)<\/td>\n<\/tr>\n<tr>\n<td><b>Yleiskummi (koulukummi) <\/b><\/td>\n<td><b>45e alakoulu \/ 85e yl\u00e4koulu<\/b><\/td>\n<\/tr>\n<\/table>\n<p>Yhdistyksen j\u00e4senmaksu on 15 euroa (8 euroa opiskelijat ja ty\u00f6tt\u00f6m\u00e4t). Voit olla j\u00e4sen, vaikkei sinulla olisikaan kummilasta. N\u00e4in tuet yhdistyksen toimintaa ja autat meit\u00e4 auttamaan.<\/p>\n<p>Yhdistyksen rahanker\u00e4yslupa: RA\/2020\/1575<\/p>\n<p>Yhdistyksen tilinumero: FI16 4055 0010 9993 87<\/p>\n<p>J\u00e4senmaksun viitenumero: 2053<\/p>\n<hr \/>\n\n<div class=\"wpcf7 no-js\" id=\"wpcf7-f309-o1\" lang=\"fi\" dir=\"ltr\" data-wpcf7-id=\"309\">\n<div class=\"screen-reader-response\"><p role=\"status\" aria-live=\"polite\" aria-atomic=\"true\"><\/p> <ul><\/ul><\/div>\n<form action=\"\/kilingi\/wp-json\/wp\/v2\/pages\/148#wpcf7-f309-o1\" method=\"post\" class=\"wpcf7-form init\" aria-label=\"Yhteydenottolomake\" novalidate=\"novalidate\" data-status=\"init\">\n<fieldset class=\"hidden-fields-container\"><input type=\"hidden\" name=\"_wpcf7\" value=\"309\" \/><input type=\"hidden\" name=\"_wpcf7_version\" value=\"6.1.4\" \/><input type=\"hidden\" name=\"_wpcf7_locale\" value=\"fi\" \/><input type=\"hidden\" name=\"_wpcf7_unit_tag\" value=\"wpcf7-f309-o1\" \/><input type=\"hidden\" name=\"_wpcf7_container_post\" value=\"0\" \/><input type=\"hidden\" name=\"_wpcf7_posted_data_hash\" value=\"\" \/><input type=\"hidden\" name=\"_wpcf7_recaptcha_response\" value=\"\" \/>\n<\/fieldset>\n<div class=\"uacf7-form-wrapper-container uacf7-form-309  \"><h3>J\u00e4senlomake<\/h3>\n\n<label>Nimi (pakollinen)\n<span class=\"wpcf7-form-control-wrap\" data-name=\"nimi\"><input size=\"40\" maxlength=\"400\" class=\"wpcf7-form-control wpcf7-text wpcf7-validates-as-required\" aria-required=\"true\" aria-invalid=\"false\" value=\"\" type=\"text\" name=\"nimi\" \/><\/span> <\/label>\n\n<label>Kotipaikka (pakollinen)\n<span class=\"wpcf7-form-control-wrap\" data-name=\"kotipaikka\"><input size=\"40\" maxlength=\"400\" class=\"wpcf7-form-control wpcf7-text wpcf7-validates-as-required\" aria-required=\"true\" aria-invalid=\"false\" value=\"\" type=\"text\" name=\"kotipaikka\" \/><\/span> <\/label>\n\n<label>Puhelin\n<span class=\"wpcf7-form-control-wrap\" data-name=\"puhelin\"><input size=\"40\" maxlength=\"400\" class=\"wpcf7-form-control wpcf7-text\" aria-invalid=\"false\" value=\"\" type=\"text\" name=\"puhelin\" \/><\/span> <\/label>\n\n<label>S\u00e4hk\u00f6posti (pakollinen)\n<span class=\"wpcf7-form-control-wrap\" data-name=\"email\"><input size=\"40\" maxlength=\"400\" class=\"wpcf7-form-control wpcf7-email wpcf7-validates-as-required wpcf7-text wpcf7-validates-as-email\" aria-required=\"true\" aria-invalid=\"false\" value=\"\" type=\"email\" name=\"email\" \/><\/span> <\/label>\n\n<label>Valitse j\u00e4senyyden tyyppi (pakollinen)<\/label>\n<span class=\"wpcf7-form-control-wrap\" data-name=\"jasenyyden_tyyppi\"><span class=\"wpcf7-form-control wpcf7-radio\"><span class=\"wpcf7-list-item first\"><label><input type=\"radio\" name=\"jasenyyden_tyyppi\" value=\"Haluan ryhty\u00e4 alakoululaisen kummiksi (45 \u20ac)\" checked=\"checked\" \/><span class=\"wpcf7-list-item-label\">Haluan ryhty\u00e4 alakoululaisen kummiksi (45 \u20ac)<\/span><\/label><\/span><span class=\"wpcf7-list-item\"><label><input type=\"radio\" name=\"jasenyyden_tyyppi\" value=\"Haluan ryhty\u00e4 yl\u00e4koululaisen kummiksi (85 \u20ac)\" \/><span class=\"wpcf7-list-item-label\">Haluan ryhty\u00e4 yl\u00e4koululaisen kummiksi (85 \u20ac)<\/span><\/label><\/span><span class=\"wpcf7-list-item\"><label><input type=\"radio\" name=\"jasenyyden_tyyppi\" value=\"Haluan ryhty\u00e4 yleiskummiksi (ei nimetty\u00e4 kummilasta). Alakoulu 45 \u20ac, yl\u00e4koulu 85 \u20ac.\" \/><span class=\"wpcf7-list-item-label\">Haluan ryhty\u00e4 yleiskummiksi (ei nimetty\u00e4 kummilasta). Alakoulu 45 \u20ac, yl\u00e4koulu 85 \u20ac.<\/span><\/label><\/span><span class=\"wpcf7-list-item last\"><label><input type=\"radio\" name=\"jasenyyden_tyyppi\" value=\"Liityn vain j\u00e4seneksi ilman kummilasta (15 \u20ac). Ty\u00f6tt\u00f6m\u00e4t ja opiskelijat 8 \u20ac\" \/><span class=\"wpcf7-list-item-label\">Liityn vain j\u00e4seneksi ilman kummilasta (15 \u20ac). Ty\u00f6tt\u00f6m\u00e4t ja opiskelijat 8 \u20ac<\/span><\/label><\/span><\/span><\/span>\n<br>\n<span class=\"wpcf7-form-control-wrap\" data-name=\"maksu\"><span class=\"wpcf7-form-control wpcf7-checkbox\"><span class=\"wpcf7-list-item first last\"><label><input type=\"checkbox\" name=\"maksu[]\" value=\"Olen maksanut j\u00e4senmaksun\" \/><span class=\"wpcf7-list-item-label\">Olen maksanut j\u00e4senmaksun<\/span><\/label><\/span><\/span><\/span>\n<br>\n<input class=\"wpcf7-form-control wpcf7-submit has-spinner\" type=\"submit\" value=\"L\u00e4het\u00e4 liittymislomake\" \/><\/div><div class=\"wpcf7-response-output\" aria-hidden=\"true\"><\/div>\n<\/form>\n<\/div>\n\n<p>&nbsp;<\/p>\n<p><img loading=\"lazy\" decoding=\"async\" class=\"alignnone size-large wp-image-259\" src=\"https:\/\/martsari-kilingi.fi\/kilingi\/wp-content\/uploads\/26ebceab-b2df-4065-af5a-74df407d0a73-768x1024.jpg\" alt=\"\" width=\"750\" height=\"1000\" srcset=\"https:\/\/martsari-kilingi.fi\/kilingi\/wp-content\/uploads\/26ebceab-b2df-4065-af5a-74df407d0a73-768x1024.jpg 768w, https:\/\/martsari-kilingi.fi\/kilingi\/wp-content\/uploads\/26ebceab-b2df-4065-af5a-74df407d0a73-225x300.jpg 225w, https:\/\/martsari-kilingi.fi\/kilingi\/wp-content\/uploads\/26ebceab-b2df-4065-af5a-74df407d0a73-1152x1536.jpg 1152w, https:\/\/martsari-kilingi.fi\/kilingi\/wp-content\/uploads\/26ebceab-b2df-4065-af5a-74df407d0a73.jpg 1536w\" sizes=\"auto, (max-width: 750px) 100vw, 750px\" \/><\/p>\n<p>&nbsp;<\/p>\n","protected":false},"excerpt":{"rendered":"<p>KUMMIMAKSUT (alakoulu, yl\u00e4koulu) 2025 Halutessasi voit maksaa kummimaksun jo kev\u00e4\u00e4ll\u00e4 j\u00e4senmaksun yhteydess\u00e4, mutta muuten\u00a0viimeist\u00e4\u00e4n 15.10 menness\u00e4. \u00a0Se, ett\u00e4 ker\u00e4\u00e4mme maksut n\u00e4in aikaisin, johtuu siit\u00e4, ett\u00e4 kodit tarvitsevat tiedon tuen jatkumisesta, ja toisaalta Kilingiss\u00e4 tarvitaan aikaa tuen ohjaamiseen kouluille\/ kodeille. Nivelvaiheessa<\/p>\n","protected":false},"author":2,"featured_media":0,"parent":26,"menu_order":0,"comment_status":"closed","ping_status":"closed","template":"","meta":{"footnotes":""},"class_list":["post-148","page","type-page","status-publish","hentry"],"_links":{"self":[{"href":"https:\/\/martsari-kilingi.fi\/kilingi\/wp-json\/wp\/v2\/pages\/148","targetHints":{"allow":["GET"]}}],"collection":[{"href":"https:\/\/martsari-kilingi.fi\/kilingi\/wp-json\/wp\/v2\/pages"}],"about":[{"href":"https:\/\/martsari-kilingi.fi\/kilingi\/wp-json\/wp\/v2\/types\/page"}],"author":[{"embeddable":true,"href":"https:\/\/martsari-kilingi.fi\/kilingi\/wp-json\/wp\/v2\/users\/2"}],"replies":[{"embeddable":true,"href":"https:\/\/martsari-kilingi.fi\/kilingi\/wp-json\/wp\/v2\/comments?post=148"}],"version-history":[{"count":13,"href":"https:\/\/martsari-kilingi.fi\/kilingi\/wp-json\/wp\/v2\/pages\/148\/revisions"}],"predecessor-version":[{"id":319,"href":"https:\/\/martsari-kilingi.fi\/kilingi\/wp-json\/wp\/v2\/pages\/148\/revisions\/319"}],"up":[{"embeddable":true,"href":"https:\/\/martsari-kilingi.fi\/kilingi\/wp-json\/wp\/v2\/pages\/26"}],"wp:attachment":[{"href":"https:\/\/martsari-kilingi.fi\/kilingi\/wp-json\/wp\/v2\/media?parent=148"}],"curies":[{"name":"wp","href":"https:\/\/api.w.org\/{rel}","templated":true}]}}