{"id":15,"date":"2019-04-11T18:55:03","date_gmt":"2019-04-11T18:55:03","guid":{"rendered":"http:\/\/77.240.19.22\/~martsarikilingi\/kilingi\/?page_id=15"},"modified":"2025-06-11T22:08:41","modified_gmt":"2025-06-11T19:08:41","slug":"rakennus-projektit","status":"publish","type":"page","link":"https:\/\/martsari-kilingi.fi\/kilingi\/rakennus-projektit\/","title":{"rendered":"Rakennukset"},"content":{"rendered":"<p>Ylimm\u00e4t kuvat on otettu vuonna 2025. Osassa rakennust\u00f6it\u00e4 on taloudellisesti ollut auttamassa Kilingi Primaryn entinen oppilas, joka nyky\u00e4\u00e4n asuu Saksassa.<\/p>\n<p>&nbsp;<\/p>\n<p><img loading=\"lazy\" decoding=\"async\" class=\"alignnone wp-image-280 size-large\" src=\"https:\/\/martsari-kilingi.fi\/kilingi\/wp-content\/uploads\/PHOTO-2025-02-18-10-37-15-1024x461.jpg\" alt=\"\" width=\"750\" height=\"338\" srcset=\"https:\/\/martsari-kilingi.fi\/kilingi\/wp-content\/uploads\/PHOTO-2025-02-18-10-37-15-1024x461.jpg 1024w, https:\/\/martsari-kilingi.fi\/kilingi\/wp-content\/uploads\/PHOTO-2025-02-18-10-37-15-300x135.jpg 300w, https:\/\/martsari-kilingi.fi\/kilingi\/wp-content\/uploads\/PHOTO-2025-02-18-10-37-15-768x346.jpg 768w, https:\/\/martsari-kilingi.fi\/kilingi\/wp-content\/uploads\/PHOTO-2025-02-18-10-37-15.jpg 1080w\" sizes=\"auto, (max-width: 750px) 100vw, 750px\" \/> <img loading=\"lazy\" decoding=\"async\" class=\"alignnone size-large wp-image-282\" src=\"https:\/\/martsari-kilingi.fi\/kilingi\/wp-content\/uploads\/PHOTO-2025-02-18-10-37-28-1024x461.jpg\" alt=\"\" width=\"750\" height=\"338\" srcset=\"https:\/\/martsari-kilingi.fi\/kilingi\/wp-content\/uploads\/PHOTO-2025-02-18-10-37-28-1024x461.jpg 1024w, https:\/\/martsari-kilingi.fi\/kilingi\/wp-content\/uploads\/PHOTO-2025-02-18-10-37-28-300x135.jpg 300w, https:\/\/martsari-kilingi.fi\/kilingi\/wp-content\/uploads\/PHOTO-2025-02-18-10-37-28-768x346.jpg 768w, https:\/\/martsari-kilingi.fi\/kilingi\/wp-content\/uploads\/PHOTO-2025-02-18-10-37-28.jpg 1080w\" sizes=\"auto, (max-width: 750px) 100vw, 750px\" \/> <img loading=\"lazy\" decoding=\"async\" class=\"alignnone size-large wp-image-283\" src=\"https:\/\/martsari-kilingi.fi\/kilingi\/wp-content\/uploads\/PHOTO-2025-02-18-10-37-38-1024x461.jpg\" alt=\"\" width=\"750\" height=\"338\" srcset=\"https:\/\/martsari-kilingi.fi\/kilingi\/wp-content\/uploads\/PHOTO-2025-02-18-10-37-38-1024x461.jpg 1024w, https:\/\/martsari-kilingi.fi\/kilingi\/wp-content\/uploads\/PHOTO-2025-02-18-10-37-38-300x135.jpg 300w, https:\/\/martsari-kilingi.fi\/kilingi\/wp-content\/uploads\/PHOTO-2025-02-18-10-37-38-768x346.jpg 768w, https:\/\/martsari-kilingi.fi\/kilingi\/wp-content\/uploads\/PHOTO-2025-02-18-10-37-38.jpg 1080w\" sizes=\"auto, (max-width: 750px) 100vw, 750px\" \/> <img loading=\"lazy\" decoding=\"async\" class=\"alignnone size-large wp-image-284\" src=\"https:\/\/martsari-kilingi.fi\/kilingi\/wp-content\/uploads\/PHOTO-2025-02-18-10-37-48-1024x461.jpg\" alt=\"\" width=\"750\" height=\"338\" srcset=\"https:\/\/martsari-kilingi.fi\/kilingi\/wp-content\/uploads\/PHOTO-2025-02-18-10-37-48-1024x461.jpg 1024w, https:\/\/martsari-kilingi.fi\/kilingi\/wp-content\/uploads\/PHOTO-2025-02-18-10-37-48-300x135.jpg 300w, https:\/\/martsari-kilingi.fi\/kilingi\/wp-content\/uploads\/PHOTO-2025-02-18-10-37-48-768x346.jpg 768w, https:\/\/martsari-kilingi.fi\/kilingi\/wp-content\/uploads\/PHOTO-2025-02-18-10-37-48.jpg 1080w\" sizes=\"auto, (max-width: 750px) 100vw, 750px\" \/><\/p>\n<p>T\u00e4ss\u00e4 helmikuun 2025 tilanne, kun alakoulun pihalle on tulossa uusi, isompi vessa.<\/p>\n<p><img loading=\"lazy\" decoding=\"async\" class=\"alignnone  wp-image-297\" src=\"https:\/\/martsari-kilingi.fi\/kilingi\/wp-content\/uploads\/6dc0e801-0a22-45c1-bf65-7373c81f6ea3-768x1024.jpg\" alt=\"\" width=\"511\" height=\"681\" srcset=\"https:\/\/martsari-kilingi.fi\/kilingi\/wp-content\/uploads\/6dc0e801-0a22-45c1-bf65-7373c81f6ea3-768x1024.jpg 768w, https:\/\/martsari-kilingi.fi\/kilingi\/wp-content\/uploads\/6dc0e801-0a22-45c1-bf65-7373c81f6ea3-225x300.jpg 225w, https:\/\/martsari-kilingi.fi\/kilingi\/wp-content\/uploads\/6dc0e801-0a22-45c1-bf65-7373c81f6ea3-1152x1536.jpg 1152w, https:\/\/martsari-kilingi.fi\/kilingi\/wp-content\/uploads\/6dc0e801-0a22-45c1-bf65-7373c81f6ea3.jpg 1200w\" sizes=\"auto, (max-width: 511px) 100vw, 511px\" \/> <img loading=\"lazy\" decoding=\"async\" class=\"alignnone  wp-image-298\" src=\"https:\/\/martsari-kilingi.fi\/kilingi\/wp-content\/uploads\/57d5324f-7243-4e10-a13b-549aa26aeeee-768x1024.jpg\" alt=\"\" width=\"522\" height=\"696\" srcset=\"https:\/\/martsari-kilingi.fi\/kilingi\/wp-content\/uploads\/57d5324f-7243-4e10-a13b-549aa26aeeee-768x1024.jpg 768w, https:\/\/martsari-kilingi.fi\/kilingi\/wp-content\/uploads\/57d5324f-7243-4e10-a13b-549aa26aeeee-225x300.jpg 225w, https:\/\/martsari-kilingi.fi\/kilingi\/wp-content\/uploads\/57d5324f-7243-4e10-a13b-549aa26aeeee-1152x1536.jpg 1152w, https:\/\/martsari-kilingi.fi\/kilingi\/wp-content\/uploads\/57d5324f-7243-4e10-a13b-549aa26aeeee.jpg 1200w\" sizes=\"auto, (max-width: 522px) 100vw, 522px\" \/><\/p>\n<p><img loading=\"lazy\" decoding=\"async\" class=\"alignnone size-medium wp-image-16\" src=\"http:\/\/77.240.19.22\/~martsarikilingi\/kilingi\/wp-content\/uploads\/rakennus_01-300x300.jpg\" alt=\"\" width=\"300\" height=\"300\" srcset=\"https:\/\/martsari-kilingi.fi\/kilingi\/wp-content\/uploads\/rakennus_01-300x300.jpg 300w, https:\/\/martsari-kilingi.fi\/kilingi\/wp-content\/uploads\/rakennus_01-150x150.jpg 150w, https:\/\/martsari-kilingi.fi\/kilingi\/wp-content\/uploads\/rakennus_01-270x270.jpg 270w, https:\/\/martsari-kilingi.fi\/kilingi\/wp-content\/uploads\/rakennus_01-230x230.jpg 230w, https:\/\/martsari-kilingi.fi\/kilingi\/wp-content\/uploads\/rakennus_01.jpg 371w\" sizes=\"auto, (max-width: 300px) 100vw, 300px\" \/> <img loading=\"lazy\" decoding=\"async\" class=\"alignnone size-medium wp-image-17\" src=\"http:\/\/77.240.19.22\/~martsarikilingi\/kilingi\/wp-content\/uploads\/rakennus_02-300x300.jpg\" alt=\"\" width=\"300\" height=\"300\" srcset=\"https:\/\/martsari-kilingi.fi\/kilingi\/wp-content\/uploads\/rakennus_02-300x300.jpg 300w, https:\/\/martsari-kilingi.fi\/kilingi\/wp-content\/uploads\/rakennus_02-150x150.jpg 150w, https:\/\/martsari-kilingi.fi\/kilingi\/wp-content\/uploads\/rakennus_02-270x270.jpg 270w, https:\/\/martsari-kilingi.fi\/kilingi\/wp-content\/uploads\/rakennus_02-230x230.jpg 230w, https:\/\/martsari-kilingi.fi\/kilingi\/wp-content\/uploads\/rakennus_02.jpg 371w\" sizes=\"auto, (max-width: 300px) 100vw, 300px\" \/> <img loading=\"lazy\" decoding=\"async\" class=\"alignnone size-medium wp-image-18\" src=\"http:\/\/77.240.19.22\/~martsarikilingi\/kilingi\/wp-content\/uploads\/rakennus_03-300x300.jpg\" alt=\"\" width=\"300\" height=\"300\" srcset=\"https:\/\/martsari-kilingi.fi\/kilingi\/wp-content\/uploads\/rakennus_03-300x300.jpg 300w, https:\/\/martsari-kilingi.fi\/kilingi\/wp-content\/uploads\/rakennus_03-150x150.jpg 150w, https:\/\/martsari-kilingi.fi\/kilingi\/wp-content\/uploads\/rakennus_03-270x270.jpg 270w, https:\/\/martsari-kilingi.fi\/kilingi\/wp-content\/uploads\/rakennus_03-230x230.jpg 230w, https:\/\/martsari-kilingi.fi\/kilingi\/wp-content\/uploads\/rakennus_03.jpg 371w\" sizes=\"auto, (max-width: 300px) 100vw, 300px\" \/><\/p>\n","protected":false},"excerpt":{"rendered":"<p>Ylimm\u00e4t kuvat on otettu vuonna 2025. Osassa rakennust\u00f6it\u00e4 on taloudellisesti ollut auttamassa Kilingi Primaryn entinen oppilas, joka nyky\u00e4\u00e4n asuu Saksassa. &nbsp; T\u00e4ss\u00e4 helmikuun 2025 tilanne, kun alakoulun pihalle on tulossa uusi, isompi vessa.<\/p>\n","protected":false},"author":1,"featured_media":0,"parent":0,"menu_order":0,"comment_status":"closed","ping_status":"closed","template":"","meta":{"footnotes":""},"class_list":["post-15","page","type-page","status-publish","hentry"],"_links":{"self":[{"href":"https:\/\/martsari-kilingi.fi\/kilingi\/wp-json\/wp\/v2\/pages\/15","targetHints":{"allow":["GET"]}}],"collection":[{"href":"https:\/\/martsari-kilingi.fi\/kilingi\/wp-json\/wp\/v2\/pages"}],"about":[{"href":"https:\/\/martsari-kilingi.fi\/kilingi\/wp-json\/wp\/v2\/types\/page"}],"author":[{"embeddable":true,"href":"https:\/\/martsari-kilingi.fi\/kilingi\/wp-json\/wp\/v2\/users\/1"}],"replies":[{"embeddable":true,"href":"https:\/\/martsari-kilingi.fi\/kilingi\/wp-json\/wp\/v2\/comments?post=15"}],"version-history":[{"count":7,"href":"https:\/\/martsari-kilingi.fi\/kilingi\/wp-json\/wp\/v2\/pages\/15\/revisions"}],"predecessor-version":[{"id":299,"href":"https:\/\/martsari-kilingi.fi\/kilingi\/wp-json\/wp\/v2\/pages\/15\/revisions\/299"}],"wp:attachment":[{"href":"https:\/\/martsari-kilingi.fi\/kilingi\/wp-json\/wp\/v2\/media?parent=15"}],"curies":[{"name":"wp","href":"https:\/\/api.w.org\/{rel}","templated":true}]}}