{"id":23,"date":"2019-04-11T18:56:46","date_gmt":"2019-04-11T18:56:46","guid":{"rendered":"http:\/\/77.240.19.22\/~martsarikilingi\/kilingi\/?page_id=23"},"modified":"2025-06-11T22:19:06","modified_gmt":"2025-06-11T19:19:06","slug":"kummikoulun-historia","status":"publish","type":"page","link":"https:\/\/martsari-kilingi.fi\/kilingi\/kummikoulun-historia\/","title":{"rendered":"Kummikoulun historia"},"content":{"rendered":"<div class=\"oKdM2c\">\n<div id=\"h.p_3NR-0mNzUh_y\" class=\"hJDwNd-AhqUyc-OwsYgb jXK9ad D2fZ2 OjCsFc GNzUNc\">\n<div class=\"jXK9ad-SmKAyb jXK9ad-SmKAyb-c4YZDc\">\n<div class=\"tyJCtd mGzaTb baZpAe\">\n<h3 class=\"PwMt2d\"><img loading=\"lazy\" decoding=\"async\" class=\"alignleft wp-image-24 size-full\" src=\"http:\/\/77.240.19.22\/~martsarikilingi\/kilingi\/wp-content\/uploads\/piha.jpg\" alt=\"\" width=\"472\" height=\"265\" srcset=\"https:\/\/martsari-kilingi.fi\/kilingi\/wp-content\/uploads\/piha.jpg 472w, https:\/\/martsari-kilingi.fi\/kilingi\/wp-content\/uploads\/piha-300x168.jpg 300w\" sizes=\"auto, (max-width: 472px) 100vw, 472px\" \/>Toiminnan tarkoitus<\/h3>\n<\/div>\n<\/div>\n<\/div>\n<\/div>\n<div class=\"oKdM2c\">\n<div id=\"h.p_RvbMokcxUiBG\" class=\"hJDwNd-AhqUyc-OwsYgb jXK9ad D2fZ2 wHaque GNzUNc\">\n<div class=\"jXK9ad-SmKAyb jXK9ad-SmKAyb-c4YZDc\">\n<div class=\"tyJCtd mGzaTb baZpAe\">\n<p id=\"h.p_6bqnqCKPUyY5\" class=\"zfr3Q\">Martsarin kummikouluyhdistys ry perustettiin vuonna 2012 vahvistamaan Martinlaakson lukion ja koulun jo vuonna 1987 aloittamaa tansanialais-suomalaista kummikouluyhteisty\u00f6t\u00e4. Yhdistyksen tarkoituksena on luoda yhteyksi\u00e4 Martinlaakson lukion ja sen yhteysty\u00f6kumppaneiden (opiskelijat, opettajat, vanhemmat, verkostokoulut, muut yhteisty\u00f6kumppanit) ja kehitysmaiden koulujen v\u00e4lill\u00e4 sek\u00e4 edist\u00e4\u00e4 niiden kulttuurin tuntemusta ja lis\u00e4t\u00e4 Suomen ja kehitysmaiden v\u00e4list\u00e4 kulttuuri- ja koulutusyhteisty\u00f6t\u00e4 sek\u00e4 kanssak\u00e4ymist\u00e4. Lis\u00e4ksi yhdistyksen tarkoituksena on tukea kummikoulujen toimintaa ja kummikoulujen opiskelijoita eri tavoin heid\u00e4n koulunk\u00e4ynniss\u00e4\u00e4n.<\/p>\n<p id=\"h.p_KT_gspAgUyZ6\" class=\"zfr3Q\">Tarkoituksensa toteuttamiseksi yhdistys harjoittaa humanitaarista avustustoimintaa kohderyhmilleen j\u00e4rjest\u00e4en mm. kokouksia, juhlia, esitelm\u00e4- ja muita valistustilaisuuksia. Yhdistys organisoi tutustumis- ja opintomatkoja j\u00e4senilleen Tansaniaan ja tukee taloudellisesti kummikoulujen toimintaa ja oppilaiden opiskelua. Toimintansa tukemiseksi yhdistys j\u00e4rjest\u00e4\u00e4 erilaisia tempauksia ja ottaa vastaan lahjoituksia.<\/p>\n<p id=\"h.p_QyMFnm53Uyab\" class=\"zfr3Q\">Yhdistyksen j\u00e4seneksi voi liitty\u00e4 jokainen, joka hyv\u00e4ksyy yhdistyksen tarkoituksen ja s\u00e4\u00e4nn\u00f6t. Kannattajaj\u00e4seneksi voi tulla yksityinen henkil\u00f6 tai oikeuskelpoinen yhteis\u00f6, joka haluaa tukea yhdistyksen tarkoitusta ja toimintaa. (L\u00e4hde: Martsarin kummikouluyhdistys ry:n s\u00e4\u00e4nn\u00f6t 2-3 \u00a7).<\/p>\n<p id=\"h.p_dCCoEdMWUya0\" class=\"zfr3Q\">Martsarin kummikouluyhdistyksen j\u00e4senmaksu vuodelle 2025 on 15 euroa tai 8 euroa opiskeijat\/ ty\u00f6tt\u00f6m\u00e4t. J\u00e4senmaksulla kustannetaan yhteydenpitokuluja yhdistyksen ja kummikoulujen v\u00e4lill\u00e4.<\/p>\n<p id=\"h.p_RluxGplRUybB\" class=\"zfr3Q\">Yhdistyksen kotipaikka on Vantaa<\/p>\n<p>Vuoden 2024 toimintakertomus: <a href=\"https:\/\/docs.google.com\/document\/d\/1xCvYt7YJ2L_wGuvOeJoopmU2gSZrxPiAIa2LqRKEgp0\/edit?usp=sharing\">https:\/\/docs.google.com\/document\/d\/1xCvYt7YJ2L<\/a><\/p>\n<p><img loading=\"lazy\" decoding=\"async\" class=\"alignnone size-large wp-image-263\" src=\"https:\/\/martsari-kilingi.fi\/kilingi\/wp-content\/uploads\/391cb816-bc28-46e2-a509-19095e1c6e94-1024x768.jpg\" alt=\"\" width=\"750\" height=\"563\" srcset=\"https:\/\/martsari-kilingi.fi\/kilingi\/wp-content\/uploads\/391cb816-bc28-46e2-a509-19095e1c6e94-1024x768.jpg 1024w, https:\/\/martsari-kilingi.fi\/kilingi\/wp-content\/uploads\/391cb816-bc28-46e2-a509-19095e1c6e94-300x225.jpg 300w, https:\/\/martsari-kilingi.fi\/kilingi\/wp-content\/uploads\/391cb816-bc28-46e2-a509-19095e1c6e94-768x576.jpg 768w, https:\/\/martsari-kilingi.fi\/kilingi\/wp-content\/uploads\/391cb816-bc28-46e2-a509-19095e1c6e94-1536x1152.jpg 1536w, https:\/\/martsari-kilingi.fi\/kilingi\/wp-content\/uploads\/391cb816-bc28-46e2-a509-19095e1c6e94.jpg 1600w\" sizes=\"auto, (max-width: 750px) 100vw, 750px\" \/><\/p>\n<\/div>\n<\/div>\n<\/div>\n<\/div>\n","protected":false},"excerpt":{"rendered":"<p>Toiminnan tarkoitus Martsarin kummikouluyhdistys ry perustettiin vuonna 2012 vahvistamaan Martinlaakson lukion ja koulun jo vuonna 1987 aloittamaa tansanialais-suomalaista kummikouluyhteisty\u00f6t\u00e4. Yhdistyksen tarkoituksena on luoda yhteyksi\u00e4 Martinlaakson lukion ja sen yhteysty\u00f6kumppaneiden (opiskelijat, opettajat, vanhemmat, verkostokoulut, muut yhteisty\u00f6kumppanit) ja kehitysmaiden koulujen v\u00e4lill\u00e4 sek\u00e4<\/p>\n","protected":false},"author":1,"featured_media":0,"parent":0,"menu_order":0,"comment_status":"closed","ping_status":"closed","template":"","meta":{"footnotes":""},"class_list":["post-23","page","type-page","status-publish","hentry"],"_links":{"self":[{"href":"https:\/\/martsari-kilingi.fi\/kilingi\/wp-json\/wp\/v2\/pages\/23","targetHints":{"allow":["GET"]}}],"collection":[{"href":"https:\/\/martsari-kilingi.fi\/kilingi\/wp-json\/wp\/v2\/pages"}],"about":[{"href":"https:\/\/martsari-kilingi.fi\/kilingi\/wp-json\/wp\/v2\/types\/page"}],"author":[{"embeddable":true,"href":"https:\/\/martsari-kilingi.fi\/kilingi\/wp-json\/wp\/v2\/users\/1"}],"replies":[{"embeddable":true,"href":"https:\/\/martsari-kilingi.fi\/kilingi\/wp-json\/wp\/v2\/comments?post=23"}],"version-history":[{"count":7,"href":"https:\/\/martsari-kilingi.fi\/kilingi\/wp-json\/wp\/v2\/pages\/23\/revisions"}],"predecessor-version":[{"id":303,"href":"https:\/\/martsari-kilingi.fi\/kilingi\/wp-json\/wp\/v2\/pages\/23\/revisions\/303"}],"wp:attachment":[{"href":"https:\/\/martsari-kilingi.fi\/kilingi\/wp-json\/wp\/v2\/media?parent=23"}],"curies":[{"name":"wp","href":"https:\/\/api.w.org\/{rel}","templated":true}]}}