{"id":26,"date":"2019-04-11T18:57:21","date_gmt":"2019-04-11T18:57:21","guid":{"rendered":"http:\/\/77.240.19.22\/~martsarikilingi\/kilingi\/?page_id=26"},"modified":"2026-03-07T13:17:04","modified_gmt":"2026-03-07T10:17:04","slug":"kuinka-saan-kummilapsen","status":"publish","type":"page","link":"https:\/\/martsari-kilingi.fi\/kilingi\/kuinka-saan-kummilapsen\/","title":{"rendered":"Kuinka saan kummilapsen"},"content":{"rendered":"<div class=\"mYVXT\">\n<div class=\"LS81yb VICjCf\" tabindex=\"-1\">\n<div class=\"hJDwNd-AhqUyc-uQSCkd purZT-AhqUyc-II5mzb pSzOP-AhqUyc-qWD73c JNdkSc\">\n<div class=\"oKdM2c\">\n<div id=\"h.p_t2tdr2B4VqFu\" class=\"hJDwNd-AhqUyc-uQSCkd jXK9ad D2fZ2 OjCsFc wHaque GNzUNc\">\n<div class=\"jXK9ad-SmKAyb jXK9ad-SmKAyb-c4YZDc\">\n<div class=\"tyJCtd mGzaTb baZpAe\">\n<h3 id=\"h.p_ZXKxI6iiVqG_\" class=\"zfr3Q\"><em><strong>Ohjeita kummiksi aikoville:<\/strong><\/em><\/h3>\n<p id=\"h.p_L6Dau25VVvr1\" class=\"zfr3Q\">1. Kummikoulutoiminnan tarkoituksena on antaa koulunk\u00e4yntimahdollisuus varsinkin lapselle, jolta ilman kummia j\u00e4isi alakoulukin k\u00e4ym\u00e4tt\u00e4. T\u00e4m\u00e4n vuoksi toiminta painottuu Kilingin alakouluun, josta kummilapsen tukeminen alkaa.<\/p>\n<p id=\"h.p_2fKD3G1VVvsX\" class=\"zfr3Q\">2. Varsinainen kouluopetus valtion kouluissa on Tansaniassa ilmaista, mutta pakollinen koulupuku ja kouluruokailu j\u00e4\u00e4 perheen tai kummin maksettavaksi. Vuosittain sovitaan kummimaksu n\u00e4itten kulujen kattamiseksi. Lukuvuosi alkaa tammikuussa.<\/p>\n<p id=\"h.p_NjqgTW3iVvsu\" class=\"zfr3Q\">3. Jos kummilapsi p\u00e4\u00e4see valtion yll\u00e4pit\u00e4m\u00e4\u00e4n yl\u00e4kouluun, voi kummi jatkaa koulunk\u00e4ynnin tukemista osittain tai kokonaan niin pitk\u00e4lle kuin kummi haluaa. Yl\u00e4koulun koulumaksu on noin kaksinkertainen alakouluun verrattuna. Kummikouluyhdistys pyrkii tukemaan lahjakkaita yl\u00e4koulun oppilaita my\u00f6s stipendein. Kummi voi omasta halustaan tukea my\u00f6s kummilapsensa kouluttautumista ammattiin.<\/p>\n<figure id=\"attachment_271\" aria-describedby=\"caption-attachment-271\" style=\"width: 290px\" class=\"wp-caption alignright\"><img loading=\"lazy\" decoding=\"async\" class=\" wp-image-271\" src=\"https:\/\/martsari-kilingi.fi\/kilingi\/wp-content\/uploads\/f311b0c8-c543-4dd7-be8e-8e14a547d1ea-768x1024.jpg\" alt=\"\" width=\"290\" height=\"387\" srcset=\"https:\/\/martsari-kilingi.fi\/kilingi\/wp-content\/uploads\/f311b0c8-c543-4dd7-be8e-8e14a547d1ea-768x1024.jpg 768w, https:\/\/martsari-kilingi.fi\/kilingi\/wp-content\/uploads\/f311b0c8-c543-4dd7-be8e-8e14a547d1ea-225x300.jpg 225w, https:\/\/martsari-kilingi.fi\/kilingi\/wp-content\/uploads\/f311b0c8-c543-4dd7-be8e-8e14a547d1ea-1152x1536.jpg 1152w, https:\/\/martsari-kilingi.fi\/kilingi\/wp-content\/uploads\/f311b0c8-c543-4dd7-be8e-8e14a547d1ea.jpg 1536w\" sizes=\"auto, (max-width: 290px) 100vw, 290px\" \/><figcaption id=\"caption-attachment-271\" class=\"wp-caption-text\">Alakoulun oppilaita koulupuvuissaan.<\/figcaption><\/figure>\n<p id=\"h.p_mZ9Ac0iHVvs8\" class=\"zfr3Q\">4. Kummi sitoutuu maksamaan vuosittain sovitun j\u00e4sen- ja kummimaksun yhdistyksen tilille er\u00e4p\u00e4iv\u00e4\u00e4n menness\u00e4.<\/p>\n<p id=\"h.p_DnD9L7c0VvtH\" class=\"zfr3Q\">5. <span style=\"font-weight: 400;\">Yhteydenpito kummilapseen hoituu postin v\u00e4lityksell\u00e4 tai Martsarin lukion tekem\u00e4n leirikoulumatkalaisten viemisin\u00e4. T\u00e4ll\u00e4 hetkell\u00e4 ei ole uutta matkaa tiedossa. <\/span><\/p>\n<p id=\"h.p_DtIEYXMlVvtW\" class=\"zfr3Q\">6. Kummiksi ryhtyminen vaatii pitk\u00e4aikaista sitoutumista. Jos et jostain syyst\u00e4 voi kummina jatkaa, ilmoita siit\u00e4 v\u00e4litt\u00f6m\u00e4sti yhdistykselle ja j\u00e4sensihteeri Marjo Kekille. Pyrimme hankkimaan lapselle uuden kummin, ettei koulunk\u00e4ynti keskeytyisi.<\/p>\n<p id=\"h.p_z1I2gMBPVvtn\" class=\"zfr3Q\">7. Ilmoita my\u00f6s heti muutokset yhteystiedoissasi yhdistykselle (<a href=\"marjo.kekki@gmail.com\">marjo.kekki@gmail.com<\/a>).<\/p>\n<p id=\"h.p_W4u_xmgbVvtv\" class=\"zfr3Q\"><strong>HUOMIOITAVAA<\/strong><\/p>\n<p id=\"h.p_j_O7KZzIVvty\" class=\"zfr3Q\">Kummimaksut l\u00e4hetet\u00e4\u00e4n yhdistyksen toimesta Tansaniaan yhdistyksen hallinnoimalle pankkitilille, josta lasten koulumaksut hoidetaan.<\/p>\n<p id=\"h.p_pT8VfPaQVvt_\" class=\"zfr3Q\">Rahaa ei kannata l\u00e4hett\u00e4\u00e4 kirjeiss\u00e4!<\/p>\n<p id=\"h.p_wpNkAnJnVvuI\" class=\"zfr3Q\">Toivomme, ett\u00e4 jokainen kummi huolehtii vuosittaisesta maksusta lapsen koulunk\u00e4ynnin turvaamiseksi.<\/p>\n<p id=\"h.p_KR5N0Nn6VvuY\" class=\"zfr3Q\">Postia, kirjeit\u00e4 ja kuvia voi l\u00e4hett\u00e4\u00e4 miten usein tahansa Kilingin koulujen osoitteella, koska harvalla perheell\u00e4 on oma osoite.<\/p>\n<p><img loading=\"lazy\" decoding=\"async\" class=\"alignnone size-medium wp-image-61\" src=\"http:\/\/martsari-kilingi.fi\/kilingi\/wp-content\/uploads\/wanhattalot_5-300x200.jpg\" alt=\"\" width=\"300\" height=\"200\" srcset=\"https:\/\/martsari-kilingi.fi\/kilingi\/wp-content\/uploads\/wanhattalot_5-300x200.jpg 300w, https:\/\/martsari-kilingi.fi\/kilingi\/wp-content\/uploads\/wanhattalot_5-768x512.jpg 768w, https:\/\/martsari-kilingi.fi\/kilingi\/wp-content\/uploads\/wanhattalot_5-1024x683.jpg 1024w, https:\/\/martsari-kilingi.fi\/kilingi\/wp-content\/uploads\/wanhattalot_5.jpg 2048w\" sizes=\"auto, (max-width: 300px) 100vw, 300px\" \/><\/p>\n<\/div>\n<p>&nbsp;<\/p>\n<\/div>\n<\/div>\n<\/div>\n<\/div>\n<\/div>\n<\/div>\n","protected":false},"excerpt":{"rendered":"<p>Ohjeita kummiksi aikoville: 1. Kummikoulutoiminnan tarkoituksena on antaa koulunk\u00e4yntimahdollisuus varsinkin lapselle, jolta ilman kummia j\u00e4isi alakoulukin k\u00e4ym\u00e4tt\u00e4. T\u00e4m\u00e4n vuoksi toiminta painottuu Kilingin alakouluun, josta kummilapsen tukeminen alkaa. 2. Varsinainen kouluopetus valtion kouluissa on Tansaniassa ilmaista, mutta pakollinen koulupuku ja kouluruokailu<\/p>\n","protected":false},"author":1,"featured_media":0,"parent":0,"menu_order":0,"comment_status":"closed","ping_status":"closed","template":"","meta":{"footnotes":""},"class_list":["post-26","page","type-page","status-publish","hentry"],"_links":{"self":[{"href":"https:\/\/martsari-kilingi.fi\/kilingi\/wp-json\/wp\/v2\/pages\/26","targetHints":{"allow":["GET"]}}],"collection":[{"href":"https:\/\/martsari-kilingi.fi\/kilingi\/wp-json\/wp\/v2\/pages"}],"about":[{"href":"https:\/\/martsari-kilingi.fi\/kilingi\/wp-json\/wp\/v2\/types\/page"}],"author":[{"embeddable":true,"href":"https:\/\/martsari-kilingi.fi\/kilingi\/wp-json\/wp\/v2\/users\/1"}],"replies":[{"embeddable":true,"href":"https:\/\/martsari-kilingi.fi\/kilingi\/wp-json\/wp\/v2\/comments?post=26"}],"version-history":[{"count":12,"href":"https:\/\/martsari-kilingi.fi\/kilingi\/wp-json\/wp\/v2\/pages\/26\/revisions"}],"predecessor-version":[{"id":364,"href":"https:\/\/martsari-kilingi.fi\/kilingi\/wp-json\/wp\/v2\/pages\/26\/revisions\/364"}],"wp:attachment":[{"href":"https:\/\/martsari-kilingi.fi\/kilingi\/wp-json\/wp\/v2\/media?parent=26"}],"curies":[{"name":"wp","href":"https:\/\/api.w.org\/{rel}","templated":true}]}}