{"id":28,"date":"2019-04-11T18:58:02","date_gmt":"2019-04-11T18:58:02","guid":{"rendered":"http:\/\/77.240.19.22\/~martsarikilingi\/kilingi\/?page_id=28"},"modified":"2025-06-11T21:18:53","modified_gmt":"2025-06-11T18:18:53","slug":"valokuvia","status":"publish","type":"page","link":"https:\/\/martsari-kilingi.fi\/kilingi\/valokuvia\/","title":{"rendered":"Valokuvia kouluilta"},"content":{"rendered":"<p><img loading=\"lazy\" decoding=\"async\" class=\"wp-image-264 aligncenter\" src=\"https:\/\/martsari-kilingi.fi\/kilingi\/wp-content\/uploads\/591a77af-a912-45da-a859-05b715d7e1ce-768x1024.jpg\" alt=\"\" width=\"455\" height=\"607\" srcset=\"https:\/\/martsari-kilingi.fi\/kilingi\/wp-content\/uploads\/591a77af-a912-45da-a859-05b715d7e1ce-768x1024.jpg 768w, https:\/\/martsari-kilingi.fi\/kilingi\/wp-content\/uploads\/591a77af-a912-45da-a859-05b715d7e1ce-225x300.jpg 225w, https:\/\/martsari-kilingi.fi\/kilingi\/wp-content\/uploads\/591a77af-a912-45da-a859-05b715d7e1ce-1152x1536.jpg 1152w, https:\/\/martsari-kilingi.fi\/kilingi\/wp-content\/uploads\/591a77af-a912-45da-a859-05b715d7e1ce.jpg 1536w\" sizes=\"auto, (max-width: 455px) 100vw, 455px\" \/><\/p>\n<p><img loading=\"lazy\" decoding=\"async\" class=\"size-large wp-image-266 aligncenter\" src=\"https:\/\/martsari-kilingi.fi\/kilingi\/wp-content\/uploads\/2944551f-c6a3-4a6e-a4c8-8a289e3f12cb-1024x768.jpg\" alt=\"\" width=\"750\" height=\"563\" srcset=\"https:\/\/martsari-kilingi.fi\/kilingi\/wp-content\/uploads\/2944551f-c6a3-4a6e-a4c8-8a289e3f12cb-1024x768.jpg 1024w, https:\/\/martsari-kilingi.fi\/kilingi\/wp-content\/uploads\/2944551f-c6a3-4a6e-a4c8-8a289e3f12cb-300x225.jpg 300w, https:\/\/martsari-kilingi.fi\/kilingi\/wp-content\/uploads\/2944551f-c6a3-4a6e-a4c8-8a289e3f12cb-768x576.jpg 768w, https:\/\/martsari-kilingi.fi\/kilingi\/wp-content\/uploads\/2944551f-c6a3-4a6e-a4c8-8a289e3f12cb-1536x1152.jpg 1536w, https:\/\/martsari-kilingi.fi\/kilingi\/wp-content\/uploads\/2944551f-c6a3-4a6e-a4c8-8a289e3f12cb.jpg 2048w\" sizes=\"auto, (max-width: 750px) 100vw, 750px\" \/><\/p>\n<p>Olemme iloisia, ett\u00e4 pystyimme auttamaan taloudellisesti uuden koulurakennuksen katon rakentamisessa. Heikki Tidenberg jatkaa yhdistyksen asiantuntijana rakennusvastaavan ominaisuudessa ja h\u00e4n on niihin liittyen suoraan yhteydess\u00e4 Steven Ngettiin.<\/p>\n<p>&#8221;T\u00e4ss\u00e4 konkreettinen esimerkki siit\u00e4, miten koulut ovat mukana avustusty\u00f6ss\u00e4. Lukio ja Kasavuori ovat lahjoittaneet jo vuosia osan taksv\u00e4rkin tuotostaan Kilingiin, Mercuria on tukenut terveydenhoitoa. Kasavuoressa sy\u00f6d\u00e4\u00e4n donitseja ja tempaistaan muutenkin esimerkiksi ompelemalla kangaskasseja. Tuotoilla ostettu monistuskone, tuettu tukiopetusta, ostettu urheiluv\u00e4lineit\u00e4 jne. Kiitos kouluille, Kilingin v\u00e4ki sanoo Asante Sana!&#8221; &#8211; Sinikan terveiset Facebookista &#8211;<\/p>\n<p>&nbsp;<\/p>\n<figure id=\"attachment_98\" aria-describedby=\"caption-attachment-98\" style=\"width: 960px\" class=\"wp-caption alignnone\"><img loading=\"lazy\" decoding=\"async\" class=\"wp-image-98 size-full\" src=\"https:\/\/martsari-kilingi.fi\/kilingi\/wp-content\/uploads\/kilingikatto.jpg\" alt=\"\" width=\"960\" height=\"540\" srcset=\"https:\/\/martsari-kilingi.fi\/kilingi\/wp-content\/uploads\/kilingikatto.jpg 960w, https:\/\/martsari-kilingi.fi\/kilingi\/wp-content\/uploads\/kilingikatto-300x169.jpg 300w, https:\/\/martsari-kilingi.fi\/kilingi\/wp-content\/uploads\/kilingikatto-768x432.jpg 768w\" sizes=\"auto, (max-width: 960px) 100vw, 960px\" \/><figcaption id=\"caption-attachment-98\" class=\"wp-caption-text\">Alakoulun uusi luokkahuone vuodelta 2020.<\/figcaption><\/figure>\n<figure id=\"attachment_99\" aria-describedby=\"caption-attachment-99\" style=\"width: 540px\" class=\"wp-caption alignnone\"><img loading=\"lazy\" decoding=\"async\" class=\"wp-image-99 size-full\" src=\"https:\/\/martsari-kilingi.fi\/kilingi\/wp-content\/uploads\/kilingikopiokone.jpg\" alt=\"\" width=\"540\" height=\"960\" srcset=\"https:\/\/martsari-kilingi.fi\/kilingi\/wp-content\/uploads\/kilingikopiokone.jpg 540w, https:\/\/martsari-kilingi.fi\/kilingi\/wp-content\/uploads\/kilingikopiokone-169x300.jpg 169w\" sizes=\"auto, (max-width: 540px) 100vw, 540px\" \/><figcaption id=\"caption-attachment-99\" class=\"wp-caption-text\">Kasavuoren koulu lahjoitti yl\u00e4kouluun uuden kopiokoneen.<\/figcaption><\/figure>\n<p><img loading=\"lazy\" decoding=\"async\" class=\"alignnone wp-image-29 size-full\" src=\"http:\/\/77.240.19.22\/~martsarikilingi\/kilingi\/wp-content\/uploads\/kilingi_photos_01.jpg\" alt=\"\" width=\"572\" height=\"371\" srcset=\"https:\/\/martsari-kilingi.fi\/kilingi\/wp-content\/uploads\/kilingi_photos_01.jpg 572w, https:\/\/martsari-kilingi.fi\/kilingi\/wp-content\/uploads\/kilingi_photos_01-300x195.jpg 300w\" sizes=\"auto, (max-width: 572px) 100vw, 572px\" \/> <img loading=\"lazy\" decoding=\"async\" class=\"alignnone wp-image-30 size-full\" src=\"http:\/\/77.240.19.22\/~martsarikilingi\/kilingi\/wp-content\/uploads\/kilingi_photos_02.jpg\" alt=\"\" width=\"572\" height=\"371\" srcset=\"https:\/\/martsari-kilingi.fi\/kilingi\/wp-content\/uploads\/kilingi_photos_02.jpg 572w, https:\/\/martsari-kilingi.fi\/kilingi\/wp-content\/uploads\/kilingi_photos_02-300x195.jpg 300w\" sizes=\"auto, (max-width: 572px) 100vw, 572px\" \/> <img loading=\"lazy\" decoding=\"async\" class=\"alignnone wp-image-31 size-full\" src=\"http:\/\/77.240.19.22\/~martsarikilingi\/kilingi\/wp-content\/uploads\/kilingi_photos_03.jpg\" alt=\"\" width=\"271\" height=\"372\" srcset=\"https:\/\/martsari-kilingi.fi\/kilingi\/wp-content\/uploads\/kilingi_photos_03.jpg 271w, https:\/\/martsari-kilingi.fi\/kilingi\/wp-content\/uploads\/kilingi_photos_03-219x300.jpg 219w\" sizes=\"auto, (max-width: 271px) 100vw, 271px\" \/> <img loading=\"lazy\" decoding=\"async\" class=\"alignnone wp-image-32 size-full\" src=\"http:\/\/77.240.19.22\/~martsarikilingi\/kilingi\/wp-content\/uploads\/kilingi_photos_04.jpg\" alt=\"\" width=\"271\" height=\"372\" srcset=\"https:\/\/martsari-kilingi.fi\/kilingi\/wp-content\/uploads\/kilingi_photos_04.jpg 271w, https:\/\/martsari-kilingi.fi\/kilingi\/wp-content\/uploads\/kilingi_photos_04-219x300.jpg 219w\" sizes=\"auto, (max-width: 271px) 100vw, 271px\" \/><\/p>\n","protected":false},"excerpt":{"rendered":"<p>Olemme iloisia, ett\u00e4 pystyimme auttamaan taloudellisesti uuden koulurakennuksen katon rakentamisessa. Heikki Tidenberg jatkaa yhdistyksen asiantuntijana rakennusvastaavan ominaisuudessa ja h\u00e4n on niihin liittyen suoraan yhteydess\u00e4 Steven Ngettiin. &#8221;T\u00e4ss\u00e4 konkreettinen esimerkki siit\u00e4, miten koulut ovat mukana avustusty\u00f6ss\u00e4. Lukio ja Kasavuori ovat lahjoittaneet<\/p>\n","protected":false},"author":1,"featured_media":0,"parent":0,"menu_order":0,"comment_status":"closed","ping_status":"closed","template":"","meta":{"footnotes":""},"class_list":["post-28","page","type-page","status-publish","hentry"],"_links":{"self":[{"href":"https:\/\/martsari-kilingi.fi\/kilingi\/wp-json\/wp\/v2\/pages\/28","targetHints":{"allow":["GET"]}}],"collection":[{"href":"https:\/\/martsari-kilingi.fi\/kilingi\/wp-json\/wp\/v2\/pages"}],"about":[{"href":"https:\/\/martsari-kilingi.fi\/kilingi\/wp-json\/wp\/v2\/types\/page"}],"author":[{"embeddable":true,"href":"https:\/\/martsari-kilingi.fi\/kilingi\/wp-json\/wp\/v2\/users\/1"}],"replies":[{"embeddable":true,"href":"https:\/\/martsari-kilingi.fi\/kilingi\/wp-json\/wp\/v2\/comments?post=28"}],"version-history":[{"count":8,"href":"https:\/\/martsari-kilingi.fi\/kilingi\/wp-json\/wp\/v2\/pages\/28\/revisions"}],"predecessor-version":[{"id":292,"href":"https:\/\/martsari-kilingi.fi\/kilingi\/wp-json\/wp\/v2\/pages\/28\/revisions\/292"}],"wp:attachment":[{"href":"https:\/\/martsari-kilingi.fi\/kilingi\/wp-json\/wp\/v2\/media?parent=28"}],"curies":[{"name":"wp","href":"https:\/\/api.w.org\/{rel}","templated":true}]}}