{"id":69,"date":"2019-09-30T16:30:09","date_gmt":"2019-09-30T13:30:09","guid":{"rendered":"http:\/\/martsari-kilingi.fi\/kilingi\/?page_id=69"},"modified":"2025-06-12T11:28:26","modified_gmt":"2025-06-12T08:28:26","slug":"tietoa-kilingista","status":"publish","type":"page","link":"https:\/\/martsari-kilingi.fi\/kilingi\/tietoa-kilingista\/","title":{"rendered":"Tietoa Kilingist\u00e4"},"content":{"rendered":"<p>Yst\u00e4vyyskoulumme sijaitsee Sanya Juussa, l\u00e4hell\u00e4 Mt. Kilimanjaroa (punainen t\u00e4pp\u00e4 l\u00e4hell\u00e4 Kenian rajaa).<\/p>\n<p><img loading=\"lazy\" decoding=\"async\" class=\"alignnone wp-image-71\" src=\"http:\/\/martsari-kilingi.fi\/kilingi\/wp-content\/uploads\/N\u00e4ytt\u00f6kuva-2019-9-30-kello-16.28.56-300x246.png\" alt=\"\" width=\"325\" height=\"266\" srcset=\"https:\/\/martsari-kilingi.fi\/kilingi\/wp-content\/uploads\/N\u00e4ytt\u00f6kuva-2019-9-30-kello-16.28.56-300x246.png 300w, https:\/\/martsari-kilingi.fi\/kilingi\/wp-content\/uploads\/N\u00e4ytt\u00f6kuva-2019-9-30-kello-16.28.56-768x630.png 768w, https:\/\/martsari-kilingi.fi\/kilingi\/wp-content\/uploads\/N\u00e4ytt\u00f6kuva-2019-9-30-kello-16.28.56-1024x840.png 1024w, https:\/\/martsari-kilingi.fi\/kilingi\/wp-content\/uploads\/N\u00e4ytt\u00f6kuva-2019-9-30-kello-16.28.56.png 1960w\" sizes=\"auto, (max-width: 325px) 100vw, 325px\" \/><\/p>\n<p data-start=\"42\" data-end=\"234\">Teko\u00e4ly kertoo alueesta seuraavaa (sihteerin editoimana):<\/p>\n<h3 data-start=\"42\" data-end=\"234\">Sanya Juu<\/h3>\n<p data-start=\"42\" data-end=\"234\"><span class=\"relative -mx-px my-[-0.2rem] rounded px-px py-[0.2rem] transition-colors duration-100 ease-in-out\">Sanya Juu on kyl\u00e4 Siha-alueella Kilimanjaron alueella. <\/span>\u00a0<span class=\"relative -mx-px my-[-0.2rem] rounded px-px py-[0.2rem] transition-colors duration-100 ease-in-out\">Se sijaitsee noin 35 kilometri\u00e4 koilliseen Moshi-kaupungista ja on osa Siha-distriktin Sanya Juu -hallintoyksikk\u00f6\u00e4.<\/span> <span class=\"relative -mx-px my-[-0.2rem] rounded px-px py-[0.2rem] transition-colors duration-100 ease-in-out\">Alueella asui vuoden 2022 v\u00e4est\u00f6nlaskennan mukaan noin 14 293 asukasta, ja sen pinta-ala on noin 21 km\u00b2.<\/span><\/p>\n<p data-start=\"42\" data-end=\"234\"><span class=\"relative -mx-px my-[-0.2rem] rounded px-px py-[0.2rem] transition-colors duration-100 ease-in-out\">Sanya Juu on rauhallinen ja kulttuurisesti rikas kyl\u00e4 Kilimanjaron alueella, joka tarjoaa matkailijoille mahdollisuuden tutustua paikalliseen el\u00e4m\u00e4\u00e4n ja nauttia luonnosta, sill\u00e4 l\u00e4hettyvill\u00e4 on kaksi upeaa luonnonpuistoa: Serengeti ja Ngorongoro.<\/span><\/p>\n<h3 data-start=\"236\" data-end=\"259\">Luonto ja ymp\u00e4rist\u00f6<\/h3>\n<p data-start=\"261\" data-end=\"459\"><span class=\"relative -mx-px my-[-0.2rem] rounded px-px py-[0.2rem] transition-colors duration-100 ease-in-out\">Sanya Juu sijaitsee noin 1 340 metrin korkeudessa merenpinnasta, ja sen ymp\u00e4rist\u00f6 tarjoaa paljon n\u00e4ht\u00e4v\u00e4\u00e4. \u00a0<\/span><span class=\"relative -mx-px my-[-0.2rem] rounded px-px py-[0.2rem] transition-colors duration-100 ease-in-out\">Mt. Kilimanjaro, joka on Arfikan korkein vuori, houkuttelee vaeltajia ja luontomatkailijoita vuorenrinteelle, jolta l\u00f6ytyy sek\u00e4 sademets\u00e4vy\u00f6hyke ett\u00e4 sen viel\u00e4 toistaiseksi luminen huippu. Vuoren huippu on noin <strong data-start=\"26\" data-end=\"42\">5 895 metri\u00e4 <\/strong>merenpinnan yl\u00e4puolella<strong data-start=\"26\" data-end=\"42\">. <\/strong><\/span><span class=\"relative -mx-px my-[-0.2rem] rounded px-px py-[0.2rem] transition-colors duration-100 ease-in-out\">Alueella sijaitsee my\u00f6s Sanya-joki, joka virtaa Livishin alueelta ja on osa Pangani-joen valuma-aluetta.<\/span><\/p>\n<h3 data-start=\"461\" data-end=\"485\">Kulttuuri ja yhteis\u00f6<\/h3>\n<p data-start=\"487\" data-end=\"605\"><span class=\"relative -mx-px my-[-0.2rem] rounded px-px py-[0.2rem] transition-colors duration-100 ease-in-out\">Sanya Juu on kulttuurisesti monimuotoinen alue, jossa asuu p\u00e4\u00e4asiassa Chagga-kansaa.<\/span> <span class=\"relative -mx-px my-[-0.2rem] rounded px-px py-[0.2rem] transition-colors duration-100 ease-in-out\">Alueella on perinteisi\u00e4 kyl\u00e4yhteis\u00f6j\u00e4, ja se tunnetaan my\u00f6s maataloustuotannostaan, erityisesti banaani-, maissi- ja papuviljelyksist\u00e4\u00e4n, jotka hy\u00f6dynt\u00e4v\u00e4t alueen hedelm\u00e4llist\u00e4 maata.<\/span><\/p>\n<p data-start=\"487\" data-end=\"605\">Maailman terveellisin ruokavalio? Lue Ylen artikkeli Chagga-kansan ruokavaliosta <a href=\"https:\/\/yle.fi\/a\/74-20165855\">t\u00e4\u00e4lt\u00e4.<\/a><\/p>\n<p data-start=\"487\" data-end=\"605\"><img loading=\"lazy\" decoding=\"async\" class=\"alignnone wp-image-301\" src=\"https:\/\/martsari-kilingi.fi\/kilingi\/wp-content\/uploads\/Baobab-1024x768.jpg\" alt=\"\" width=\"553\" height=\"415\" srcset=\"https:\/\/martsari-kilingi.fi\/kilingi\/wp-content\/uploads\/Baobab-1024x768.jpg 1024w, https:\/\/martsari-kilingi.fi\/kilingi\/wp-content\/uploads\/Baobab-300x225.jpg 300w, https:\/\/martsari-kilingi.fi\/kilingi\/wp-content\/uploads\/Baobab-768x576.jpg 768w, https:\/\/martsari-kilingi.fi\/kilingi\/wp-content\/uploads\/Baobab-1536x1152.jpg 1536w, https:\/\/martsari-kilingi.fi\/kilingi\/wp-content\/uploads\/Baobab-2048x1536.jpg 2048w\" sizes=\"auto, (max-width: 553px) 100vw, 553px\" \/><\/p>\n<h3 data-start=\"793\" data-end=\"813\">Liikenneyhteydet<\/h3>\n<p data-start=\"815\" data-end=\"933\"><span class=\"relative -mx-px my-[-0.2rem] rounded px-px py-[0.2rem] transition-colors duration-100 ease-in-out\">Sanya Juu on hyvin yhteydess\u00e4 l\u00e4hialueisiin, kuten Moshiin ja Arushaan, ja se toimii porttina Kilimanjaron vuorelle suuntautuville vaelluksille ja safareille.<\/span><\/p>\n<p data-start=\"0\" data-end=\"141\">L\u00e4hin lentokentt\u00e4 Sanya Juu -kyl\u00e4\u00e4 Tansaniassa on <strong data-start=\"50\" data-end=\"140\">Kilimanjaron kansainv\u00e4linen lentokentt\u00e4 (Kilimanjaro International Airport, IATA: JRO)<\/strong>.<\/p>\n<h3 data-start=\"143\" data-end=\"171\">\ud83d\udccd Sijainti ja et\u00e4isyys:<\/h3>\n<ul data-start=\"172\" data-end=\"338\">\n<li data-start=\"172\" data-end=\"293\">\n<p data-start=\"174\" data-end=\"293\"><strong data-start=\"174\" data-end=\"200\">Et\u00e4isyys Sanya Juusta:<\/strong> noin <strong data-start=\"206\" data-end=\"226\">30\u201335 kilometri\u00e4<\/strong> autolla (matka kest\u00e4\u00e4 noin 40\u201360 minuuttia riippuen liikenteest\u00e4).<\/p>\n<\/li>\n<li data-start=\"294\" data-end=\"338\">\n<p data-start=\"296\" data-end=\"338\"><strong data-start=\"296\" data-end=\"310\">Sijaitsee:<\/strong> Moshi\u2013Arusha-tien varrella.<\/p>\n<\/li>\n<\/ul>\n<h3 data-start=\"340\" data-end=\"368\">\ud83d\udeec Tietoa lentokent\u00e4st\u00e4:<\/h3>\n<ul data-start=\"369\" data-end=\"667\">\n<li data-start=\"369\" data-end=\"442\">\n<p data-start=\"371\" data-end=\"442\">Palvelee <strong data-start=\"380\" data-end=\"403\">Kilimanjaron alueen<\/strong>, <strong data-start=\"405\" data-end=\"415\">Moshin<\/strong> ja <strong data-start=\"419\" data-end=\"430\">Arushan<\/strong> kaupunkeja ja on yleisin saapumispiste turisteille, jotka suuntaavat <strong data-start=\"603\" data-end=\"628\">Kilimanjaron vuorelle<\/strong>, <strong data-start=\"630\" data-end=\"645\">Serengetiin<\/strong> tai <strong data-start=\"650\" data-end=\"666\">Ngorongoroon<\/strong>.<\/p>\n<\/li>\n<li data-start=\"443\" data-end=\"545\">\n<p data-start=\"445\" data-end=\"545\">Tarjoaa <strong data-start=\"453\" data-end=\"479\">kansainv\u00e4lisi\u00e4 lentoja<\/strong> esim. Qatar Airways, KLM, Turkish Airlines ja Ethiopian Airlines.<\/p>\n<\/li>\n<\/ul>\n<p><img loading=\"lazy\" decoding=\"async\" class=\"alignnone size-large wp-image-254\" src=\"https:\/\/martsari-kilingi.fi\/kilingi\/wp-content\/uploads\/0cc9af7f-caea-4c61-b96c-2c72f7a2b26b-1024x768.jpg\" alt=\"\" width=\"750\" height=\"563\" srcset=\"https:\/\/martsari-kilingi.fi\/kilingi\/wp-content\/uploads\/0cc9af7f-caea-4c61-b96c-2c72f7a2b26b-1024x768.jpg 1024w, https:\/\/martsari-kilingi.fi\/kilingi\/wp-content\/uploads\/0cc9af7f-caea-4c61-b96c-2c72f7a2b26b-300x225.jpg 300w, https:\/\/martsari-kilingi.fi\/kilingi\/wp-content\/uploads\/0cc9af7f-caea-4c61-b96c-2c72f7a2b26b-768x576.jpg 768w, https:\/\/martsari-kilingi.fi\/kilingi\/wp-content\/uploads\/0cc9af7f-caea-4c61-b96c-2c72f7a2b26b-1536x1152.jpg 1536w, https:\/\/martsari-kilingi.fi\/kilingi\/wp-content\/uploads\/0cc9af7f-caea-4c61-b96c-2c72f7a2b26b.jpg 1600w\" sizes=\"auto, (max-width: 750px) 100vw, 750px\" \/><\/p>\n<p>&nbsp;<\/p>\n","protected":false},"excerpt":{"rendered":"<p>Yst\u00e4vyyskoulumme sijaitsee Sanya Juussa, l\u00e4hell\u00e4 Mt. Kilimanjaroa (punainen t\u00e4pp\u00e4 l\u00e4hell\u00e4 Kenian rajaa). Teko\u00e4ly kertoo alueesta seuraavaa (sihteerin editoimana): Sanya Juu Sanya Juu on kyl\u00e4 Siha-alueella Kilimanjaron alueella. \u00a0Se sijaitsee noin 35 kilometri\u00e4 koilliseen Moshi-kaupungista ja on osa Siha-distriktin Sanya Juu<\/p>\n","protected":false},"author":2,"featured_media":0,"parent":0,"menu_order":0,"comment_status":"closed","ping_status":"closed","template":"","meta":{"footnotes":""},"class_list":["post-69","page","type-page","status-publish","hentry"],"_links":{"self":[{"href":"https:\/\/martsari-kilingi.fi\/kilingi\/wp-json\/wp\/v2\/pages\/69","targetHints":{"allow":["GET"]}}],"collection":[{"href":"https:\/\/martsari-kilingi.fi\/kilingi\/wp-json\/wp\/v2\/pages"}],"about":[{"href":"https:\/\/martsari-kilingi.fi\/kilingi\/wp-json\/wp\/v2\/types\/page"}],"author":[{"embeddable":true,"href":"https:\/\/martsari-kilingi.fi\/kilingi\/wp-json\/wp\/v2\/users\/2"}],"replies":[{"embeddable":true,"href":"https:\/\/martsari-kilingi.fi\/kilingi\/wp-json\/wp\/v2\/comments?post=69"}],"version-history":[{"count":7,"href":"https:\/\/martsari-kilingi.fi\/kilingi\/wp-json\/wp\/v2\/pages\/69\/revisions"}],"predecessor-version":[{"id":306,"href":"https:\/\/martsari-kilingi.fi\/kilingi\/wp-json\/wp\/v2\/pages\/69\/revisions\/306"}],"wp:attachment":[{"href":"https:\/\/martsari-kilingi.fi\/kilingi\/wp-json\/wp\/v2\/media?parent=69"}],"curies":[{"name":"wp","href":"https:\/\/api.w.org\/{rel}","templated":true}]}}